{"id":10246,"date":"2025-03-25T00:07:36","date_gmt":"2025-03-25T00:07:36","guid":{"rendered":"https:\/\/permianstudio.com\/?page_id=10246"},"modified":"2025-03-25T00:15:52","modified_gmt":"2025-03-25T00:15:52","slug":"terms-and-conditions-permian","status":"publish","type":"page","link":"https:\/\/permianstudio.com\/es\/terms-and-conditions-permian\/","title":{"rendered":"Terms and Conditions Permian"},"content":{"rendered":"<div data-elementor-type=\"wp-page\" data-elementor-id=\"10246\" class=\"elementor elementor-10246\" data-elementor-post-type=\"page\">\n\t\t\t\t<div class=\"elementor-element elementor-element-7a0c43a e-flex e-con-boxed e-con e-parent\" data-id=\"7a0c43a\" data-element_type=\"container\" data-e-type=\"container\" data-settings=\"{&quot;background_background&quot;:&quot;classic&quot;}\">\n\t\t\t\t\t<div class=\"e-con-inner\">\n\t\t\t\t<div class=\"elementor-element elementor-element-0be53ab elementor-widget elementor-widget-heading\" data-id=\"0be53ab\" data-element_type=\"widget\" data-e-type=\"widget\" data-widget_type=\"heading.default\">\n\t\t\t\t\t<h2 class=\"elementor-heading-title elementor-size-default\">Terms and Condition<\/h2>\t\t\t\t<\/div>\n\t\t\t\t\t<\/div>\n\t\t\t\t<\/div>\n\t\t<div class=\"elementor-element elementor-element-a4fac72 e-flex e-con-boxed e-con e-parent\" data-id=\"a4fac72\" data-element_type=\"container\" data-e-type=\"container\">\n\t\t\t\t\t<div class=\"e-con-inner\">\n\t\t\t\t<div class=\"elementor-element elementor-element-ab774f8 elementor-widget elementor-widget-text-editor\" data-id=\"ab774f8\" data-element_type=\"widget\" data-e-type=\"widget\" data-widget_type=\"text-editor.default\">\n\t\t\t\t\t\t\t\t\t<h4><strong>T\u00c9RMINOS Y CONDICIONES PARA LA RESERVA DE CITAS<\/strong><\/h4><h4>Bienvenido a Permian Studio Micropigmentaci\u00f3n. Al programar una cita con nosotros, aceptas los siguientes t\u00e9rminos y condiciones. Te recomendamos leerlos atentamente antes de confirmar tu reserva.<\/h4><h5><strong>PROGRAMACI\u00d3N DE CITAS<\/strong><\/h5><p class=\"translation-block\">Todas las citas deben ser programadas a trav\u00e9s de nuestro sitio web, redes sociales, tel\u00e9fono o en persona.\nSe requiere un dep\u00f3sito no reembolsable para confirmar tu cita, el cual ser\u00e1 aplicado al costo total del servicio.\nLas citas se programan seg\u00fan la disponibilidad. Te recomendamos reservar con antelaci\u00f3n para asegurar el horario de tu preferencia.<\/p><p class=\"translation-block\"><strong>2. DEP\u00d3SITO Y M\u00c9TODOS DE PAGO<\/strong><br>Para confirmar una cita, se debe realizar un dep\u00f3sito de $[Cantidad], dependiendo del servicio seleccionado.<br>Los pagos pueden realizarse mediante [especificar m\u00e9todos de pago, por ejemplo, tarjeta de cr\u00e9dito\/d\u00e9bito, transferencia bancaria, efectivo, etc.].<br>El saldo restante debe ser pagado el d\u00eda del procedimiento.<\/p><p><strong>3. POL\u00cdTICA DE CANCELACI\u00d3N Y REPROGRAMACI\u00d3N<\/strong><\/p><p class=\"translation-block\">Si necesitas reprogramar tu cita, debes notificarnos al menos 48 horas antes para transferir tu dep\u00f3sito a una nueva fecha.\nSi cancelas con menos de 48 horas de antelaci\u00f3n o no te presentas, perder\u00e1s el dep\u00f3sito y se requerir\u00e1 un nuevo dep\u00f3sito para reprogramar.\nSolo se permite una reprogramaci\u00f3n por cita sin cargo adicional.<\/p><p><strong>4. POL\u00cdTICA DE PUNTUALIDAD<\/strong><\/p><p class=\"translation-block\">Por favor, llega 10 minutos antes para completar los formularios necesarios.\nSi llegas m\u00e1s de 15 minutos tarde, tu cita podr\u00e1 ser reprogramada y perder\u00e1s el dep\u00f3sito.<\/p><p><strong>5. REQUISITOS Y ELEGIBILIDAD<\/strong><\/p><p class=\"translation-block\">No realizamos micropigmentaci\u00f3n en personas con:\n\nCondiciones de la piel en el \u00e1rea de tratamiento.\nCicatrices queloides severas.\nEmbarazo o lactancia.\nUso de anticoagulantes o condiciones m\u00e9dicas como diabetes no controlada.\nSi no est\u00e1s seguro de tu elegibilidad, programa una cita de consulta antes de proceder con el tratamiento.<\/p><p><strong>6. CUIDADOS ANTES Y DESPU\u00c9S DEL TRATAMIENTO<\/strong><\/p><p class=\"translation-block\">Antes de tu cita, recibir\u00e1s instrucciones espec\u00edficas de preparaci\u00f3n. Seguirlas es crucial para obtener resultados \u00f3ptimos.\nDespu\u00e9s del procedimiento, te proporcionaremos pautas para el cuidado posterior al tratamiento. Permian Studio Micropigmentaci\u00f3n no se hace responsable de resultados insatisfactorios debido al incumplimiento de estas instrucciones.<\/p><p><strong>7. POL\u00cdTICA DE REEMBOLSO<\/strong><\/p><p class=\"translation-block\">Los dep\u00f3sitos y los servicios ya realizados no son reembolsables.\nSi necesitas ajustes o retoques, deben realizarse dentro del tiempo especificado por el especialista y pueden generar costos adicionales.<\/p><p><strong>8. CONFIDENCIALIDAD Y PRIVACIDAD<\/strong><\/p><p>Toda la informaci\u00f3n proporcionada por nuestros clientes es confidencial y ser\u00e1 tratada de acuerdo con nuestra Pol\u00edtica de Privacidad.<\/p><p><strong>9. MODIFICACIONES A LOS T\u00c9RMINOS Y CONDICIONES<\/strong><\/p><p class=\"translation-block\">Nos reservamos el derecho de modificar estos t\u00e9rminos en cualquier momento. Cualquier cambio ser\u00e1 publicado en nuestro sitio web.\nAl programar una cita, confirmas que has le\u00eddo y aceptado estos t\u00e9rminos y condiciones.<\/p>\t\t\t\t\t\t\t\t<\/div>\n\t\t\t\t\t<\/div>\n\t\t\t\t<\/div>\n\t\t<div class=\"elementor-element elementor-element-00a4bb1 e-flex e-con-boxed e-con e-parent\" data-id=\"00a4bb1\" data-element_type=\"container\" data-e-type=\"container\">\n\t\t\t\t\t<div class=\"e-con-inner\">\n\t\t<div class=\"elementor-element elementor-element-bf71c13 e-con-full e-flex e-con e-child\" data-id=\"bf71c13\" data-element_type=\"container\" data-e-type=\"container\">\n\t\t\t\t<div class=\"elementor-element elementor-element-5a08fdc elementor-widget elementor-widget-touchup_core_section_title\" data-id=\"5a08fdc\" data-element_type=\"widget\" data-e-type=\"widget\" data-widget_type=\"touchup_core_section_title.default\">\n\t\t\t\t<div class=\"elementor-widget-container\">\n\t\t\t\t\t<div class=\"qodef-shortcode qodef-m  qodef-section-title qodef-alignment--left\">\n\t\t<h2 class=\"qodef-m-title\" >\n\t\t\t\t\tInformaci\u00f3n de contacto\t\t\t<\/h2>\n\t<\/div>\t\t\t\t<\/div>\n\t\t\t\t<\/div>\n\t\t\t\t<div class=\"elementor-element elementor-element-d19f386 elementor-widget elementor-widget-heading\" data-id=\"d19f386\" data-element_type=\"widget\" data-e-type=\"widget\" data-widget_type=\"heading.default\">\n\t\t\t\t\t<h2 class=\"elementor-heading-title elementor-size-default\">Tel\u00e9fono:<\/h2>\t\t\t\t<\/div>\n\t\t\t\t<div class=\"elementor-element elementor-element-91385e3 elementor-align-start elementor-icon-list--layout-traditional elementor-list-item-link-full_width elementor-widget elementor-widget-icon-list\" data-id=\"91385e3\" data-element_type=\"widget\" data-e-type=\"widget\" data-widget_type=\"icon-list.default\">\n\t\t\t\t\t\t\t<ul class=\"elementor-icon-list-items\">\n\t\t\t\t\t\t\t<li class=\"elementor-icon-list-item\">\n\t\t\t\t\t\t\t\t\t\t\t<a href=\"tel:936-645-3482\">\n\n\t\t\t\t\t\t\t\t\t\t\t\t<span class=\"elementor-icon-list-icon\">\n\t\t\t\t\t\t\t<svg aria-hidden=\"true\" class=\"e-font-icon-svg e-fas-phone-alt\" viewbox=\"0 0 512 512\" xmlns=\"http:\/\/www.w3.org\/2000\/svg\"><path d=\"M497.39 361.8l-112-48a24 24 0 0 0-28 6.9l-49.6 60.6A370.66 370.66 0 0 1 130.6 204.11l60.6-49.6a23.94 23.94 0 0 0 6.9-28l-48-112A24.16 24.16 0 0 0 122.6.61l-104 24A24 24 0 0 0 0 48c0 256.5 207.9 464 464 464a24 24 0 0 0 23.4-18.6l24-104a24.29 24.29 0 0 0-14.01-27.6z\"><\/path><\/svg>\t\t\t\t\t\t<\/span>\n\t\t\t\t\t\t\t\t\t\t<span class=\"elementor-icon-list-text\">936-645-3482<\/span>\n\t\t\t\t\t\t\t\t\t\t\t<\/a>\n\t\t\t\t\t\t\t\t\t<\/li>\n\t\t\t\t\t\t<\/ul>\n\t\t\t\t\t\t<\/div>\n\t\t\t\t<div class=\"elementor-element elementor-element-f670ef6 elementor-widget elementor-widget-heading\" data-id=\"f670ef6\" data-element_type=\"widget\" data-e-type=\"widget\" data-widget_type=\"heading.default\">\n\t\t\t\t\t<h2 class=\"elementor-heading-title elementor-size-default\">Email:<\/h2>\t\t\t\t<\/div>\n\t\t\t\t<div class=\"elementor-element elementor-element-439d184 elementor-align-start elementor-icon-list--layout-traditional elementor-list-item-link-full_width elementor-widget elementor-widget-icon-list\" data-id=\"439d184\" data-element_type=\"widget\" data-e-type=\"widget\" data-widget_type=\"icon-list.default\">\n\t\t\t\t\t\t\t<ul class=\"elementor-icon-list-items\">\n\t\t\t\t\t\t\t<li class=\"elementor-icon-list-item\">\n\t\t\t\t\t\t\t\t\t\t\t<a href=\"https:\/\/maps.app.goo.gl\/JbJKuGSUSPfyVqMz8\">\n\n\t\t\t\t\t\t\t\t\t\t\t\t<span class=\"elementor-icon-list-icon\">\n\t\t\t\t\t\t\t<svg aria-hidden=\"true\" class=\"e-font-icon-svg e-fas-map-marker-alt\" viewbox=\"0 0 384 512\" xmlns=\"http:\/\/www.w3.org\/2000\/svg\"><path d=\"M172.268 501.67C26.97 291.031 0 269.413 0 192 0 85.961 85.961 0 192 0s192 85.961 192 192c0 77.413-26.97 99.031-172.268 309.67-9.535 13.774-29.93 13.773-39.464 0zM192 272c44.183 0 80-35.817 80-80s-35.817-80-80-80-80 35.817-80 80 35.817 80 80 80z\"><\/path><\/svg>\t\t\t\t\t\t<\/span>\n\t\t\t\t\t\t\t\t\t\t<span class=\"elementor-icon-list-text\">3800 E 42nd St, Piso 6, Suite 600, Odessa, TX<\/span>\n\t\t\t\t\t\t\t\t\t\t\t<\/a>\n\t\t\t\t\t\t\t\t\t<\/li>\n\t\t\t\t\t\t<\/ul>\n\t\t\t\t\t\t<\/div>\n\t\t\t\t<\/div>\n\t\t\t\t\t<\/div>\n\t\t\t\t<\/div>\n\t\t\t\t<\/div>","protected":false},"excerpt":{"rendered":"<p>Terms and Condition TERMS AND CONDITIONS FOR APPOINTMENT BOOKING Welcome to Permian Studio Micropigmentation. By scheduling an appointment with us, you agree to the following terms and conditions. We recommend reading them carefully before confirming your reservation. 1. APPOINTMENT SCHEDULING All appointments must be scheduled through our website, social media, phone, or in person.A non-refundable [&hellip;]<\/p>","protected":false},"author":1,"featured_media":0,"parent":0,"menu_order":0,"comment_status":"closed","ping_status":"closed","template":"page-full-width.php","meta":{"footnotes":""},"class_list":["post-10246","page","type-page","status-publish","hentry"],"_links":{"self":[{"href":"https:\/\/permianstudio.com\/es\/wp-json\/wp\/v2\/pages\/10246","targetHints":{"allow":["GET"]}}],"collection":[{"href":"https:\/\/permianstudio.com\/es\/wp-json\/wp\/v2\/pages"}],"about":[{"href":"https:\/\/permianstudio.com\/es\/wp-json\/wp\/v2\/types\/page"}],"author":[{"embeddable":true,"href":"https:\/\/permianstudio.com\/es\/wp-json\/wp\/v2\/users\/1"}],"replies":[{"embeddable":true,"href":"https:\/\/permianstudio.com\/es\/wp-json\/wp\/v2\/comments?post=10246"}],"version-history":[{"count":10,"href":"https:\/\/permianstudio.com\/es\/wp-json\/wp\/v2\/pages\/10246\/revisions"}],"predecessor-version":[{"id":10260,"href":"https:\/\/permianstudio.com\/es\/wp-json\/wp\/v2\/pages\/10246\/revisions\/10260"}],"wp:attachment":[{"href":"https:\/\/permianstudio.com\/es\/wp-json\/wp\/v2\/media?parent=10246"}],"curies":[{"name":"wp","href":"https:\/\/api.w.org\/{rel}","templated":true}]}}